{"id":81,"date":"2024-03-26T00:20:35","date_gmt":"2024-03-26T00:20:35","guid":{"rendered":"https:\/\/meierholztechnik.ch\/?page_id=81"},"modified":"2024-04-02T11:48:12","modified_gmt":"2024-04-02T11:48:12","slug":"team","status":"publish","type":"page","link":"https:\/\/meierholztechnik.ch\/index.php\/team\/","title":{"rendered":"Team"},"content":{"rendered":"\t\t<div data-elementor-type=\"wp-page\" data-elementor-id=\"81\" class=\"elementor elementor-81\" data-elementor-post-type=\"page\">\n\t\t\t\t<div class=\"elementor-element elementor-element-2a7bcd8 e-flex e-con-boxed e-con e-parent\" data-id=\"2a7bcd8\" data-element_type=\"container\" data-e-type=\"container\" data-settings=\"{&quot;background_background&quot;:&quot;classic&quot;}\">\n\t\t\t\t\t<div class=\"e-con-inner\">\n\t\t\t\t<div class=\"elementor-element elementor-element-050d808 elementor-widget elementor-widget-spacer\" data-id=\"050d808\" data-element_type=\"widget\" data-e-type=\"widget\" data-widget_type=\"spacer.default\">\n\t\t\t\t<div class=\"elementor-widget-container\">\n\t\t\t\t\t\t\t<div class=\"elementor-spacer\">\n\t\t\t<div class=\"elementor-spacer-inner\"><\/div>\n\t\t<\/div>\n\t\t\t\t\t\t<\/div>\n\t\t\t\t<\/div>\n\t\t\t\t\t<\/div>\n\t\t\t\t<\/div>\n\t\t<div class=\"elementor-element elementor-element-ae855b0 e-flex e-con-boxed e-con e-parent\" data-id=\"ae855b0\" data-element_type=\"container\" data-e-type=\"container\">\n\t\t\t\t\t<div class=\"e-con-inner\">\n\t\t\t\t<div class=\"elementor-element elementor-element-d492d0f elementor-widget elementor-widget-spacer\" data-id=\"d492d0f\" data-element_type=\"widget\" data-e-type=\"widget\" data-widget_type=\"spacer.default\">\n\t\t\t\t<div class=\"elementor-widget-container\">\n\t\t\t\t\t\t\t<div class=\"elementor-spacer\">\n\t\t\t<div class=\"elementor-spacer-inner\"><\/div>\n\t\t<\/div>\n\t\t\t\t\t\t<\/div>\n\t\t\t\t<\/div>\n\t\t\t\t<div class=\"elementor-element elementor-element-733eed4 elementor-widget elementor-widget-heading\" data-id=\"733eed4\" data-element_type=\"widget\" data-e-type=\"widget\" data-widget_type=\"heading.default\">\n\t\t\t\t<div class=\"elementor-widget-container\">\n\t\t\t\t\t<h1 class=\"elementor-heading-title elementor-size-default\">Die Mitarbeitenden der Meierholztechnik<\/h1>\t\t\t\t<\/div>\n\t\t\t\t<\/div>\n\t\t<div class=\"elementor-element elementor-element-404d90c e-con-full e-flex e-con e-child\" data-id=\"404d90c\" data-element_type=\"container\" data-e-type=\"container\">\n\t\t<div class=\"elementor-element elementor-element-d444a42 e-con-full e-flex e-con e-child\" data-id=\"d444a42\" data-element_type=\"container\" data-e-type=\"container\">\n\t\t<div class=\"elementor-element elementor-element-9c84b34 e-flex e-con-boxed e-con e-child\" data-id=\"9c84b34\" data-element_type=\"container\" data-e-type=\"container\">\n\t\t\t\t\t<div class=\"e-con-inner\">\n\t\t\t\t<div class=\"elementor-element elementor-element-ff3a583 elementor-widget elementor-widget-text-editor\" data-id=\"ff3a583\" data-element_type=\"widget\" data-e-type=\"widget\" data-widget_type=\"text-editor.default\">\n\t\t\t\t<div class=\"elementor-widget-container\">\n\t\t\t\t\t\t\t\t\t<div><strong>David Meier<\/strong><\/div><div>Gesch\u00e4ftsf\u00fchrer<\/div>\t\t\t\t\t\t\t\t<\/div>\n\t\t\t\t<\/div>\n\t\t\t\t\t<\/div>\n\t\t\t\t<\/div>\n\t\t\t\t<\/div>\n\t\t<div class=\"elementor-element elementor-element-38cb3f1 e-con-full e-flex e-con e-child\" data-id=\"38cb3f1\" data-element_type=\"container\" data-e-type=\"container\">\n\t\t<div class=\"elementor-element elementor-element-503e17d e-flex e-con-boxed e-con e-child\" data-id=\"503e17d\" data-element_type=\"container\" data-e-type=\"container\">\n\t\t\t\t\t<div class=\"e-con-inner\">\n\t\t\t\t<div class=\"elementor-element elementor-element-1f93cb9 elementor-widget elementor-widget-text-editor\" data-id=\"1f93cb9\" data-element_type=\"widget\" data-e-type=\"widget\" data-widget_type=\"text-editor.default\">\n\t\t\t\t<div class=\"elementor-widget-container\">\n\t\t\t\t\t\t\t\t\t<div><strong>Daniel Meier<\/strong><\/div><div>Planung<\/div><div>Vorf\u00e4ller<\/div><div>Anpflanzung<\/div><div>Skidder Fahrer<\/div>\t\t\t\t\t\t\t\t<\/div>\n\t\t\t\t<\/div>\n\t\t\t\t\t<\/div>\n\t\t\t\t<\/div>\n\t\t\t\t<\/div>\n\t\t<div class=\"elementor-element elementor-element-6483b3f e-con-full e-flex e-con e-child\" data-id=\"6483b3f\" data-element_type=\"container\" data-e-type=\"container\">\n\t\t<div class=\"elementor-element elementor-element-0c06257 e-flex e-con-boxed e-con e-child\" data-id=\"0c06257\" data-element_type=\"container\" data-e-type=\"container\">\n\t\t\t\t\t<div class=\"e-con-inner\">\n\t\t\t\t<div class=\"elementor-element elementor-element-7d2fa34 elementor-widget elementor-widget-text-editor\" data-id=\"7d2fa34\" data-element_type=\"widget\" data-e-type=\"widget\" data-widget_type=\"text-editor.default\">\n\t\t\t\t<div class=\"elementor-widget-container\">\n\t\t\t\t\t\t\t\t\t<div><strong>Christine Meier<\/strong><\/div><div>Chefin B\u00fcro<\/div>\t\t\t\t\t\t\t\t<\/div>\n\t\t\t\t<\/div>\n\t\t\t\t\t<\/div>\n\t\t\t\t<\/div>\n\t\t\t\t<\/div>\n\t\t<div class=\"elementor-element elementor-element-5fe6279 e-con-full e-flex e-con e-child\" data-id=\"5fe6279\" data-element_type=\"container\" data-e-type=\"container\">\n\t\t<div class=\"elementor-element elementor-element-63e0918 e-flex e-con-boxed e-con e-child\" data-id=\"63e0918\" data-element_type=\"container\" data-e-type=\"container\">\n\t\t\t\t\t<div class=\"e-con-inner\">\n\t\t\t\t<div class=\"elementor-element elementor-element-fdc6e2c elementor-widget elementor-widget-text-editor\" data-id=\"fdc6e2c\" data-element_type=\"widget\" data-e-type=\"widget\" data-widget_type=\"text-editor.default\">\n\t\t\t\t<div class=\"elementor-widget-container\">\n\t\t\t\t\t\t\t\t\t<div><strong>Meier Daniela<\/strong><\/div><div>B\u00fcro<\/div>\t\t\t\t\t\t\t\t<\/div>\n\t\t\t\t<\/div>\n\t\t\t\t\t<\/div>\n\t\t\t\t<\/div>\n\t\t\t\t<\/div>\n\t\t<div class=\"elementor-element elementor-element-195d126 e-con-full e-flex e-con e-child\" data-id=\"195d126\" data-element_type=\"container\" data-e-type=\"container\">\n\t\t<div class=\"elementor-element elementor-element-5b0ffc8 e-flex e-con-boxed e-con e-child\" data-id=\"5b0ffc8\" data-element_type=\"container\" data-e-type=\"container\">\n\t\t\t\t\t<div class=\"e-con-inner\">\n\t\t\t\t<div class=\"elementor-element elementor-element-540ec21 elementor-widget elementor-widget-text-editor\" data-id=\"540ec21\" data-element_type=\"widget\" data-e-type=\"widget\" data-widget_type=\"text-editor.default\">\n\t\t\t\t<div class=\"elementor-widget-container\">\n\t\t\t\t\t\t\t\t\t<div><strong>Oliver Rutschi<\/strong><\/div><div>Einsatzleitung<\/div><div>Eco Log<\/div><div><em>Maschinenf\u00fchrer<\/em><\/div>\t\t\t\t\t\t\t\t<\/div>\n\t\t\t\t<\/div>\n\t\t\t\t\t<\/div>\n\t\t\t\t<\/div>\n\t\t\t\t<\/div>\n\t\t<div class=\"elementor-element elementor-element-9e7f2c2 e-con-full e-flex e-con e-child\" data-id=\"9e7f2c2\" data-element_type=\"container\" data-e-type=\"container\">\n\t\t<div class=\"elementor-element elementor-element-968ff29 e-flex e-con-boxed e-con e-child\" data-id=\"968ff29\" data-element_type=\"container\" data-e-type=\"container\">\n\t\t\t\t\t<div class=\"e-con-inner\">\n\t\t\t\t<div class=\"elementor-element elementor-element-69f5757 elementor-widget elementor-widget-text-editor\" data-id=\"69f5757\" data-element_type=\"widget\" data-e-type=\"widget\" data-widget_type=\"text-editor.default\">\n\t\t\t\t<div class=\"elementor-widget-container\">\n\t\t\t\t\t\t\t\t\t<div><strong>Scheidegger Rene<br \/><\/strong><\/div><div>HSM Skidder<\/div><div>Maschinenf\u00fchrer<\/div><div>Forstwart<\/div>\t\t\t\t\t\t\t\t<\/div>\n\t\t\t\t<\/div>\n\t\t\t\t\t<\/div>\n\t\t\t\t<\/div>\n\t\t\t\t<\/div>\n\t\t<div class=\"elementor-element elementor-element-1324243 e-con-full e-flex e-con e-child\" data-id=\"1324243\" data-element_type=\"container\" data-e-type=\"container\">\n\t\t<div class=\"elementor-element elementor-element-f103518 e-con-full e-flex e-con e-child\" data-id=\"f103518\" data-element_type=\"container\" data-e-type=\"container\">\n\t\t\t\t<div class=\"elementor-element elementor-element-1cb7201 elementor-widget elementor-widget-text-editor\" data-id=\"1cb7201\" data-element_type=\"widget\" data-e-type=\"widget\" data-widget_type=\"text-editor.default\">\n\t\t\t\t<div class=\"elementor-widget-container\">\n\t\t\t\t\t\t\t\t\t<div><strong>Straub Matthias<\/strong><\/div><div>Vorf\u00e4ller<\/div><div>Eco Log<\/div><div><em>Maschinenf\u00fchrer<\/em><\/div>\t\t\t\t\t\t\t\t<\/div>\n\t\t\t\t<\/div>\n\t\t\t\t<\/div>\n\t\t\t\t<\/div>\n\t\t<div class=\"elementor-element elementor-element-ba4f08f e-con-full e-flex e-con e-child\" data-id=\"ba4f08f\" data-element_type=\"container\" data-e-type=\"container\">\n\t\t<div class=\"elementor-element elementor-element-4f545ad e-flex e-con-boxed e-con e-child\" data-id=\"4f545ad\" data-element_type=\"container\" data-e-type=\"container\">\n\t\t\t\t\t<div class=\"e-con-inner\">\n\t\t\t\t<div class=\"elementor-element elementor-element-3cc3099 elementor-widget elementor-widget-text-editor\" data-id=\"3cc3099\" data-element_type=\"widget\" data-e-type=\"widget\" data-widget_type=\"text-editor.default\">\n\t\t\t\t<div class=\"elementor-widget-container\">\n\t\t\t\t\t\t\t\t\t<div><strong>Martin Streit<\/strong><\/div><div>Sicherheitschef<\/div><div>Forwarder Profi<\/div><div>Maschinenf\u00fchrer<\/div><div>Forstwart<\/div>\t\t\t\t\t\t\t\t<\/div>\n\t\t\t\t<\/div>\n\t\t\t\t\t<\/div>\n\t\t\t\t<\/div>\n\t\t\t\t<\/div>\n\t\t<div class=\"elementor-element elementor-element-02abb45 e-con-full e-flex e-con e-child\" data-id=\"02abb45\" data-element_type=\"container\" data-e-type=\"container\">\n\t\t\t\t<div class=\"elementor-element elementor-element-49e0e23 elementor-widget elementor-widget-text-editor\" data-id=\"49e0e23\" data-element_type=\"widget\" data-e-type=\"widget\" data-widget_type=\"text-editor.default\">\n\t\t\t\t<div class=\"elementor-widget-container\">\n\t\t\t\t\t\t\t\t\t<div><strong>Aeschimann Michael<\/strong><\/div><div>Vorf\u00e4ller<\/div><div><em>Maschinenf\u00fchrer<\/em><\/div>\t\t\t\t\t\t\t\t<\/div>\n\t\t\t\t<\/div>\n\t\t\t\t<\/div>\n\t\t\t\t<\/div>\n\t\t<div class=\"elementor-element elementor-element-58fc945 e-flex e-con-boxed e-con e-child\" data-id=\"58fc945\" data-element_type=\"container\" data-e-type=\"container\">\n\t\t\t\t\t<div class=\"e-con-inner\">\n\t\t\t\t\t<\/div>\n\t\t\t\t<\/div>\n\t\t\t\t\t<\/div>\n\t\t\t\t<\/div>\n\t\t\t\t<\/div>\n\t\t","protected":false},"excerpt":{"rendered":"<p>Die Mitarbeitenden der Meierholztechnik David MeierGesch\u00e4ftsf\u00fchrerDaniel MeierPlanungVorf\u00e4llerAnpflanzungSkidder FahrerChristine MeierChefin B\u00fcroMeier DanielaB\u00fcroOliver RutschiEinsatzleitungEco LogMaschinenf\u00fchrerScheidegger ReneHSM SkidderMaschinenf\u00fchrerForstwartStraub MatthiasVorf\u00e4llerEco LogMaschinenf\u00fchrerMartin StreitSicherheitschefForwarder ProfiMaschinenf\u00fchrerForstwartAeschimann MichaelVorf\u00e4llerMaschinenf\u00fchrer<\/p>\n","protected":false},"author":1,"featured_media":0,"parent":0,"menu_order":0,"comment_status":"closed","ping_status":"closed","template":"","meta":{"footnotes":""},"class_list":["post-81","page","type-page","status-publish","hentry"],"_links":{"self":[{"href":"https:\/\/meierholztechnik.ch\/index.php\/wp-json\/wp\/v2\/pages\/81","targetHints":{"allow":["GET"]}}],"collection":[{"href":"https:\/\/meierholztechnik.ch\/index.php\/wp-json\/wp\/v2\/pages"}],"about":[{"href":"https:\/\/meierholztechnik.ch\/index.php\/wp-json\/wp\/v2\/types\/page"}],"author":[{"embeddable":true,"href":"https:\/\/meierholztechnik.ch\/index.php\/wp-json\/wp\/v2\/users\/1"}],"replies":[{"embeddable":true,"href":"https:\/\/meierholztechnik.ch\/index.php\/wp-json\/wp\/v2\/comments?post=81"}],"version-history":[{"count":28,"href":"https:\/\/meierholztechnik.ch\/index.php\/wp-json\/wp\/v2\/pages\/81\/revisions"}],"predecessor-version":[{"id":140,"href":"https:\/\/meierholztechnik.ch\/index.php\/wp-json\/wp\/v2\/pages\/81\/revisions\/140"}],"wp:attachment":[{"href":"https:\/\/meierholztechnik.ch\/index.php\/wp-json\/wp\/v2\/media?parent=81"}],"curies":[{"name":"wp","href":"https:\/\/api.w.org\/{rel}","templated":true}]}}